{"id":103,"date":"2018-11-19T16:43:27","date_gmt":"2018-11-19T16:43:27","guid":{"rendered":"https:\/\/bogotanflaneurtours.com\/es\/?page_id=103"},"modified":"2024-01-22T18:14:58","modified_gmt":"2024-01-22T18:14:58","slug":"nosotros","status":"publish","type":"page","link":"https:\/\/bogotanflaneurtours.com\/es\/mi-cuenta\/nosotros\/","title":{"rendered":"Nosotros"},"content":{"rendered":"<p>[vc_row][vc_column width=\u00bb2\/3&#8243;][vc_column_text]<\/p>\n<h1 style=\"text-align: center;\"><\/h1>\n<h1 style=\"text-align: center;\"><\/h1>\n<h1><img decoding=\"async\" class=\"aligncenter wp-image-2426 size-full\" src=\"https:\/\/bogotanflaneurtours.com\/es\/wp-content\/uploads\/2021\/12\/come_on_-scaled.jpg\" alt=\"\" width=\"2560\" height=\"1706\" srcset=\"https:\/\/bogotanflaneurtours.com\/es\/wp-content\/uploads\/2021\/12\/come_on_-scaled.jpg 2560w, https:\/\/bogotanflaneurtours.com\/es\/wp-content\/uploads\/2021\/12\/come_on_-300x200.jpg 300w, https:\/\/bogotanflaneurtours.com\/es\/wp-content\/uploads\/2021\/12\/come_on_-1024x682.jpg 1024w, https:\/\/bogotanflaneurtours.com\/es\/wp-content\/uploads\/2021\/12\/come_on_-768x512.jpg 768w, https:\/\/bogotanflaneurtours.com\/es\/wp-content\/uploads\/2021\/12\/come_on_-1536x1023.jpg 1536w, https:\/\/bogotanflaneurtours.com\/es\/wp-content\/uploads\/2021\/12\/come_on_-2048x1365.jpg 2048w, https:\/\/bogotanflaneurtours.com\/es\/wp-content\/uploads\/2021\/12\/come_on_-324x216.jpg 324w, https:\/\/bogotanflaneurtours.com\/es\/wp-content\/uploads\/2021\/12\/come_on_-416x277.jpg 416w\" sizes=\"(max-width: 2560px) 100vw, 2560px\" \/><\/h1>\n<p>&nbsp;<\/p>\n<h1 style=\"text-align: center;\"><strong>Bogotan Fl\u00e2neur Tours: Amantes del arte y la naturaleza<\/strong><\/h1>\n<p>&nbsp;<\/p>\n<p>&nbsp;<\/p>\n<p><strong>Bogotan Fl\u00e2neur Tours<\/strong> <strong>es una agencia de turismo que realiza tours y actividades en Bogot\u00e1 y sus alrededores.<\/strong> Exploramos nuestra diversidad art\u00edstica y riqueza ambiental. <strong>Trabajamos constantemente en el dise\u00f1o y presentaci\u00f3n de experiencias \u00fanicas y aut\u00e9nticas.<\/strong><\/p>\n<p>&nbsp;<\/p>\n<p>&nbsp;<\/p>\n<p><img decoding=\"async\" class=\"aligncenter wp-image-3242\" src=\"https:\/\/bogotanflaneurtours.com\/es\/wp-content\/uploads\/2024\/01\/fde-300x200.jpg\" alt=\"\" width=\"666\" height=\"444\" srcset=\"https:\/\/bogotanflaneurtours.com\/es\/wp-content\/uploads\/2024\/01\/fde-300x200.jpg 300w, https:\/\/bogotanflaneurtours.com\/es\/wp-content\/uploads\/2024\/01\/fde-1024x682.jpg 1024w, https:\/\/bogotanflaneurtours.com\/es\/wp-content\/uploads\/2024\/01\/fde-768x512.jpg 768w, https:\/\/bogotanflaneurtours.com\/es\/wp-content\/uploads\/2024\/01\/fde-1536x1024.jpg 1536w, https:\/\/bogotanflaneurtours.com\/es\/wp-content\/uploads\/2024\/01\/fde-2048x1365.jpg 2048w, https:\/\/bogotanflaneurtours.com\/es\/wp-content\/uploads\/2024\/01\/fde-324x216.jpg 324w, https:\/\/bogotanflaneurtours.com\/es\/wp-content\/uploads\/2024\/01\/fde-416x277.jpg 416w, https:\/\/bogotanflaneurtours.com\/es\/wp-content\/uploads\/2024\/01\/fde-90x60.jpg 90w, https:\/\/bogotanflaneurtours.com\/es\/wp-content\/uploads\/2024\/01\/fde-135x90.jpg 135w\" sizes=\"(max-width: 666px) 100vw, 666px\" \/><\/p>\n<p>&nbsp;<\/p>\n<p><strong>Buscamos descubrir junto a nuestros visitantes los paisajes, historias y tradiciones de diferentes lugares de Bogot\u00e1 y sus alrededores. <\/strong> Exploraremos lugares m\u00e1gicos y recordaremos relatos \u00fanicos en el mundo. <strong>Colombia conserva una gran riqueza ambiental, cultural y art\u00edstica que conocer\u00e1s junto a nosotros. Somos amantes del arte y la naturaleza.\u00a0<\/strong><\/p>\n<p>&nbsp;<\/p>\n<p>&nbsp;<\/p>\n<p>&nbsp;<\/p>\n<h1><img decoding=\"async\" class=\"aligncenter wp-image-2429\" src=\"https:\/\/bogotanflaneurtours.com\/es\/wp-content\/uploads\/2021\/12\/naturaleza_-300x200.jpg\" alt=\"\" width=\"666\" height=\"444\" srcset=\"https:\/\/bogotanflaneurtours.com\/es\/wp-content\/uploads\/2021\/12\/naturaleza_-300x200.jpg 300w, https:\/\/bogotanflaneurtours.com\/es\/wp-content\/uploads\/2021\/12\/naturaleza_-1024x682.jpg 1024w, https:\/\/bogotanflaneurtours.com\/es\/wp-content\/uploads\/2021\/12\/naturaleza_-768x512.jpg 768w, https:\/\/bogotanflaneurtours.com\/es\/wp-content\/uploads\/2021\/12\/naturaleza_-1536x1023.jpg 1536w, https:\/\/bogotanflaneurtours.com\/es\/wp-content\/uploads\/2021\/12\/naturaleza_-2048x1365.jpg 2048w, https:\/\/bogotanflaneurtours.com\/es\/wp-content\/uploads\/2021\/12\/naturaleza_-324x216.jpg 324w, https:\/\/bogotanflaneurtours.com\/es\/wp-content\/uploads\/2021\/12\/naturaleza_-416x277.jpg 416w\" sizes=\"(max-width: 666px) 100vw, 666px\" \/><\/h1>\n<p>&nbsp;<\/p>\n<p>&nbsp;<\/p>\n<h1 style=\"text-align: center;\"><strong>Prestamos servicios de calidad:<\/strong><\/h1>\n<p>&nbsp;<\/p>\n<p>&nbsp;<\/p>\n<p><strong>Nuestros Tours y Actividades son acompa\u00f1ados por gu\u00edas de turismo profesionales con una amplia experiencia. Tendr\u00e1s el acompa\u00f1amiento de personas con m\u00faltiples saberes sobre la gran riqueza art\u00edstica y ambiental de Bogot\u00e1 y sus alrededores.\u00a0<\/strong><\/p>\n<p>&nbsp;<\/p>\n<p>&nbsp;<\/p>\n<p>&nbsp;<\/p>\n<p><img decoding=\"async\" class=\"aligncenter wp-image-1423\" src=\"https:\/\/bogotanflaneurtours.com\/es\/wp-content\/uploads\/2020\/11\/IMG_5320-300x225.jpg\" alt=\"\" width=\"666\" height=\"500\" srcset=\"https:\/\/bogotanflaneurtours.com\/es\/wp-content\/uploads\/2020\/11\/IMG_5320-300x225.jpg 300w, https:\/\/bogotanflaneurtours.com\/es\/wp-content\/uploads\/2020\/11\/IMG_5320-1024x768.jpg 1024w, https:\/\/bogotanflaneurtours.com\/es\/wp-content\/uploads\/2020\/11\/IMG_5320-768x576.jpg 768w, https:\/\/bogotanflaneurtours.com\/es\/wp-content\/uploads\/2020\/11\/IMG_5320-1536x1152.jpg 1536w, https:\/\/bogotanflaneurtours.com\/es\/wp-content\/uploads\/2020\/11\/IMG_5320-2048x1536.jpg 2048w, https:\/\/bogotanflaneurtours.com\/es\/wp-content\/uploads\/2020\/11\/IMG_5320-324x243.jpg 324w, https:\/\/bogotanflaneurtours.com\/es\/wp-content\/uploads\/2020\/11\/IMG_5320-416x312.jpg 416w\" sizes=\"(max-width: 666px) 100vw, 666px\" \/><\/p>\n<p>&nbsp;<\/p>\n<p>&nbsp;<\/p>\n<p>&nbsp;<\/p>\n<p><strong>Junto a nosotros, caminar\u00e1s por hermosos lugares.<\/strong>\u00a0En nuestro camino, nos encontraremos con obras de arte, paisajes e historias inolvidables.<strong> Ac\u00f3mpa\u00f1anos a explorar la belleza del arte y la naturaleza de Bogot\u00e1 y sus alrededores en nuestros tours y actividades.<\/strong><\/p>\n<p>&nbsp;<\/p>\n<p>&nbsp;<\/p>\n<p>&nbsp;<\/p>\n<p><img decoding=\"async\" class=\"aligncenter wp-image-3243\" src=\"https:\/\/bogotanflaneurtours.com\/es\/wp-content\/uploads\/2024\/01\/rfe-300x200.jpg\" alt=\"\" width=\"666\" height=\"444\" srcset=\"https:\/\/bogotanflaneurtours.com\/es\/wp-content\/uploads\/2024\/01\/rfe-300x200.jpg 300w, https:\/\/bogotanflaneurtours.com\/es\/wp-content\/uploads\/2024\/01\/rfe-1024x682.jpg 1024w, https:\/\/bogotanflaneurtours.com\/es\/wp-content\/uploads\/2024\/01\/rfe-768x512.jpg 768w, https:\/\/bogotanflaneurtours.com\/es\/wp-content\/uploads\/2024\/01\/rfe-1536x1024.jpg 1536w, https:\/\/bogotanflaneurtours.com\/es\/wp-content\/uploads\/2024\/01\/rfe-2048x1365.jpg 2048w, https:\/\/bogotanflaneurtours.com\/es\/wp-content\/uploads\/2024\/01\/rfe-324x216.jpg 324w, https:\/\/bogotanflaneurtours.com\/es\/wp-content\/uploads\/2024\/01\/rfe-416x277.jpg 416w, https:\/\/bogotanflaneurtours.com\/es\/wp-content\/uploads\/2024\/01\/rfe-90x60.jpg 90w, https:\/\/bogotanflaneurtours.com\/es\/wp-content\/uploads\/2024\/01\/rfe-135x90.jpg 135w\" sizes=\"(max-width: 666px) 100vw, 666px\" \/><\/p>\n<p>&nbsp;<\/p>\n<h1 style=\"text-align: center;\"><strong>Nuestras Experiencias:<\/strong><\/h1>\n<p>&nbsp;<\/p>\n<p><strong>Desde Febrero de 2019, hemos guiado a diferentes personas a conocer la riqueza natural y art\u00edstica de Bogot\u00e1 y sus alrededores.<\/strong> Te invitamos a acompa\u00f1arnos en esta aventura. <strong>Atrev\u00e9te a vivir una experiencia \u00fanica y aut\u00e9ntica. <\/strong><strong>Nuestros servicios tienen todas las garant\u00edas de calidad necesarias para permitirte vivir experiencias seguras, \u00fanicas y divertidas.\u00a0<\/strong><\/p>\n<p>&nbsp;<\/p>\n<p>&nbsp;<\/p>\n<p><img decoding=\"async\" class=\"aligncenter wp-image-2431\" src=\"https:\/\/bogotanflaneurtours.com\/es\/wp-content\/uploads\/2021\/12\/nature_2-300x200.jpg\" alt=\"\" width=\"666\" height=\"444\" srcset=\"https:\/\/bogotanflaneurtours.com\/es\/wp-content\/uploads\/2021\/12\/nature_2-300x200.jpg 300w, https:\/\/bogotanflaneurtours.com\/es\/wp-content\/uploads\/2021\/12\/nature_2-1024x682.jpg 1024w, https:\/\/bogotanflaneurtours.com\/es\/wp-content\/uploads\/2021\/12\/nature_2-768x512.jpg 768w, https:\/\/bogotanflaneurtours.com\/es\/wp-content\/uploads\/2021\/12\/nature_2-1536x1023.jpg 1536w, https:\/\/bogotanflaneurtours.com\/es\/wp-content\/uploads\/2021\/12\/nature_2-2048x1365.jpg 2048w, https:\/\/bogotanflaneurtours.com\/es\/wp-content\/uploads\/2021\/12\/nature_2-324x216.jpg 324w, https:\/\/bogotanflaneurtours.com\/es\/wp-content\/uploads\/2021\/12\/nature_2-416x277.jpg 416w\" sizes=\"(max-width: 666px) 100vw, 666px\" \/><\/p>\n<p>&nbsp;<\/p>\n<h4 style=\"text-align: center;\"><strong>Los caminos de Bogot\u00e1 y sus alrededores conservan una bella colecci\u00f3n de obras de arte<\/strong><\/h4>\n<p>&nbsp;<\/p>\n<h4 style=\"text-align: center;\"><strong>\u00a1Te invitamos a descubrirla junto a nosotros!<\/strong><\/h4>\n<p>[\/vc_column_text][\/vc_column][vc_column width=\u00bb1\/3&#8243;][vc_column_text]<strong>Contacto:<\/strong><\/p>\n<p>&nbsp;<\/p>\n<p><strong>E-mail:<\/strong> admin@bogotanflaneurtours.com<\/p>\n<p><strong>WhatsApp: +57 324 394 1988<\/strong><\/p>\n<p><strong>Instagram:<\/strong>\u00a0@<a href=\"https:\/\/www.instagram.com\/bogotanflaneur\/\">bogotanflaneur<\/a><\/p>\n<p><strong>TripAdvisor:<\/strong>\u00a0<a href=\"https:\/\/www.tripadvisor.co\/Attraction_Review-g294074-d15761657-Reviews-Bogotan_flaneur_Tours-Bogota.html\">Bogotan Flaneur Tours<\/a>[\/vc_column_text][\/vc_column][vc_column][\/vc_column][\/vc_row]<\/p>\n","protected":false},"excerpt":{"rendered":"<p>[vc_row][vc_column width=\u00bb2\/3&#8243;][vc_column_text] &nbsp; Bogotan Fl\u00e2neur Tours: Amantes del arte y la naturaleza &nbsp; &nbsp; Bogotan Fl\u00e2neur Tours es una agencia de turismo que realiza tours y actividades en Bogot\u00e1 y sus alrededores. Exploramos nuestra diversidad art\u00edstica y riqueza ambiental. Trabajamos constantemente en el dise\u00f1o y presentaci\u00f3n de experiencias \u00fanicas y aut\u00e9nticas. &nbsp; &nbsp; &nbsp; Buscamos [&hellip;]<\/p>\n","protected":false},"author":1,"featured_media":0,"parent":8,"menu_order":0,"comment_status":"closed","ping_status":"closed","template":"","meta":{"footnotes":""},"class_list":["post-103","page","type-page","status-publish","hentry"],"_links":{"self":[{"href":"https:\/\/bogotanflaneurtours.com\/es\/wp-json\/wp\/v2\/pages\/103","targetHints":{"allow":["GET"]}}],"collection":[{"href":"https:\/\/bogotanflaneurtours.com\/es\/wp-json\/wp\/v2\/pages"}],"about":[{"href":"https:\/\/bogotanflaneurtours.com\/es\/wp-json\/wp\/v2\/types\/page"}],"author":[{"embeddable":true,"href":"https:\/\/bogotanflaneurtours.com\/es\/wp-json\/wp\/v2\/users\/1"}],"replies":[{"embeddable":true,"href":"https:\/\/bogotanflaneurtours.com\/es\/wp-json\/wp\/v2\/comments?post=103"}],"version-history":[{"count":85,"href":"https:\/\/bogotanflaneurtours.com\/es\/wp-json\/wp\/v2\/pages\/103\/revisions"}],"predecessor-version":[{"id":3244,"href":"https:\/\/bogotanflaneurtours.com\/es\/wp-json\/wp\/v2\/pages\/103\/revisions\/3244"}],"up":[{"embeddable":true,"href":"https:\/\/bogotanflaneurtours.com\/es\/wp-json\/wp\/v2\/pages\/8"}],"wp:attachment":[{"href":"https:\/\/bogotanflaneurtours.com\/es\/wp-json\/wp\/v2\/media?parent=103"}],"curies":[{"name":"wp","href":"https:\/\/api.w.org\/{rel}","templated":true}]}}