{"id":1198,"date":"2020-08-24T03:42:07","date_gmt":"2020-08-24T03:42:07","guid":{"rendered":"https:\/\/bogotanflaneurtours.com\/es\/?post_type=product&#038;p=1198"},"modified":"2022-10-23T04:53:19","modified_gmt":"2022-10-23T04:53:19","slug":"guatavita_tour","status":"publish","type":"product","link":"https:\/\/bogotanflaneurtours.com\/es\/tours\/guatavita_tour\/","title":{"rendered":"Tour a Laguna de Guatavita desde Bogot\u00e1"},"content":{"rendered":"","protected":false},"excerpt":{"rendered":"<ul>\n<li>Gu\u00eda Local<\/li>\n<li>Transporte Pr\u00edvado. Te recogemos en tu hotel o direcci\u00f3n<\/li>\n<li>Tour Ecol\u00f3gico &#8211; Laguna de Guatavita<\/li>\n<li>Almuerzo T\u00edpico<\/li>\n<li>Souvenier<\/li>\n<\/ul>\n<p>&nbsp;<\/p>\n<p>&nbsp;<\/p>\n<p><strong>Duraci\u00f3n:<\/strong> 8 horas<\/p>\n<p><strong>Idioma:<\/strong> Ingl\u00e9s &#8211; Espa\u00f1ol<\/p>\n<p><strong>Difulcutad:<\/strong> Baja<\/p>\n<p><strong>Hora de Inicio:<\/strong> 8 AM<\/p>\n<p>&nbsp;<\/p>\n<p>&nbsp;<\/p>\n<p><strong>En nuestro viaje descubrir\u00e1s la leyenda de El Dorado, una antigua historia de los viejos habitantes de Colombia<\/strong><\/p>\n<p>&nbsp;<\/p>\n<p>&nbsp;<\/p>\n<p><strong>Itinerario &#8211; Tour a Laguna de Guatavita desde Bogot\u00e1:<\/strong><\/p>\n<p>&nbsp;<\/p>\n<p>&nbsp;<\/p>\n<ul>\n<li><strong>Servicio de Transporte:\u00a0<\/strong>Te recogeremos en tu lugar de hospedaje o direcci\u00f3n y empezaremos nuestros viaje<\/li>\n<\/ul>\n<p>&nbsp;<\/p>\n<ul>\n<li><strong>Cerros Orientales de Bogot\u00e1 &#8211; La Calera:\u00a0<\/strong>Descubriremos la bellezaa y el color de los paisajes de las monta\u00f1as de la regi\u00f3n adnina de Bogot\u00e1<\/li>\n<\/ul>\n<p>&nbsp;<\/p>\n<ul>\n<li><strong>Centro Hist\u00f3rico de Guatavita:\u00a0<\/strong>Exploraremos la arquitect\u00f3nica colonial de este antiguo lugar de Colombia y amar\u00e1s sus historias<\/li>\n<\/ul>\n<p>&nbsp;<\/p>\n<ul>\n<li><strong>Almuerzo T\u00edpico &#8211; Restaurante Mirador Los Monolitos:\u00a0<\/strong>Descubriremos el sabor de la gastronom\u00eda de la regi\u00f3n andina de Colombia. \u00a1Te encantar\u00e1!<\/li>\n<\/ul>\n<p>&nbsp;<\/p>\n<ul>\n<li><strong>Recorrido Ec\u00f3logico &#8211; Laguna de Guatavita: <\/strong>Visitaremos un antiguo templo ind\u00edgena ubicado entre las monta\u00f1as de Colombia, un lugar m\u00e1gico con historias que te fascinar\u00e1n<\/li>\n<\/ul>\n<p>&nbsp;<\/p>\n<ul>\n<li><strong>Regreso a Bogot\u00e1 \/ Servicio de Transporte:\u00a0<\/strong>Nos despediremos de este maravilloso lugar y volveremos a la ciudad<\/li>\n<\/ul>\n<p>&nbsp;<\/p>\n<p>&nbsp;<\/p>\n<p><strong>\u00bfTienes alguna pregunta? D\u00e9janos un mensaje en el Chat<\/strong><\/p>\n<p>&nbsp;<\/p>\n<p>&nbsp;<\/p>\n<p><strong>Te invitamos a reservar tu viaje a la Laguna de Guatavita aqu\u00ed:\u00a0<\/strong><\/p>\n","protected":false},"featured_media":1399,"comment_status":"open","ping_status":"closed","template":"","meta":[],"product_brand":[],"product_cat":[46,48,15],"product_tag":[],"class_list":{"0":"post-1198","1":"product","2":"type-product","3":"status-publish","4":"has-post-thumbnail","6":"product_cat-tour_ecologico","7":"product_cat-turismo-bogota","8":"product_cat-uncategorized","10":"first","11":"instock","12":"featured","13":"taxable","14":"shipping-taxable","15":"purchasable","16":"product-type-simple"},"_links":{"self":[{"href":"https:\/\/bogotanflaneurtours.com\/es\/wp-json\/wp\/v2\/product\/1198","targetHints":{"allow":["GET"]}}],"collection":[{"href":"https:\/\/bogotanflaneurtours.com\/es\/wp-json\/wp\/v2\/product"}],"about":[{"href":"https:\/\/bogotanflaneurtours.com\/es\/wp-json\/wp\/v2\/types\/product"}],"replies":[{"embeddable":true,"href":"https:\/\/bogotanflaneurtours.com\/es\/wp-json\/wp\/v2\/comments?post=1198"}],"wp:featuredmedia":[{"embeddable":true,"href":"https:\/\/bogotanflaneurtours.com\/es\/wp-json\/wp\/v2\/media\/1399"}],"wp:attachment":[{"href":"https:\/\/bogotanflaneurtours.com\/es\/wp-json\/wp\/v2\/media?parent=1198"}],"wp:term":[{"taxonomy":"product_brand","embeddable":true,"href":"https:\/\/bogotanflaneurtours.com\/es\/wp-json\/wp\/v2\/product_brand?post=1198"},{"taxonomy":"product_cat","embeddable":true,"href":"https:\/\/bogotanflaneurtours.com\/es\/wp-json\/wp\/v2\/product_cat?post=1198"},{"taxonomy":"product_tag","embeddable":true,"href":"https:\/\/bogotanflaneurtours.com\/es\/wp-json\/wp\/v2\/product_tag?post=1198"}],"curies":[{"name":"wp","href":"https:\/\/api.w.org\/{rel}","templated":true}]}}