{"id":186,"date":"2018-12-16T01:25:40","date_gmt":"2018-12-16T01:25:40","guid":{"rendered":"https:\/\/bogotanflaneurtours.com\/es\/?post_type=product&#038;p=186"},"modified":"2024-04-13T01:23:08","modified_gmt":"2024-04-13T01:23:08","slug":"graffiti_bogota_tours","status":"publish","type":"product","link":"https:\/\/bogotanflaneurtours.com\/es\/tours\/graffiti_bogota_tours\/","title":{"rendered":"Graffiti Bogot\u00e1 Tour"},"content":{"rendered":"<p>Bogot\u00e1 tiene muchos grafitis y es com\u00fan encontrar varios en los lugares menos esperados. El graffiti es la expresi\u00f3n de la juventud: la necesidad de entregar un mensaje. Por eso, entre m\u00e1s grande y vistoso, mucho mejor. Esta expresi\u00f3n art\u00edstica puebla las v\u00edas, calles, puentes y hasta los postes. En este City tour podr\u00e1s acercarte a diferentes expresiones creativas de Bogot\u00e1.<\/p>\n","protected":false},"excerpt":{"rendered":"<ul>\n<li>Gu\u00eda Local<\/li>\n<li>City Tour &#8211; Distrito Graffiti &#8211; La Candelaria, Bogot\u00e1<\/li>\n<li>Desgustaci\u00f3n de Caf\u00e9 Colombiano<\/li>\n<li>Souvenier<\/li>\n<\/ul>\n<p>&nbsp;<\/p>\n<p><strong>Duraci\u00f3n:<\/strong> 3:30\u00a0h<\/p>\n<p><strong>Idiomas: <\/strong>Espa\u00f1ol \u2013 Ingl\u00e9s<\/p>\n<p><strong>Dificultad:<\/strong> Baja<\/p>\n<p><strong>Hora de Inicio:<\/strong> 9 am &#8211; 2 pm &#8211; 7 pm<\/p>\n<p>&nbsp;<\/p>\n<p>&nbsp;<\/p>\n<p><strong>Ac\u00f3mpa\u00f1anos a descubrir el color de nuestras paredes entre firmas y murales. Conoce las historias del Graffiti en Bogot\u00e1 y enam\u00f3rate de sus trazos<\/strong><\/p>\n<p>&nbsp;<\/p>\n<p>&nbsp;<\/p>\n<p><strong>Te invitamos a conocer m\u00e1s sobre el Graffiti de Bogot\u00e1 <a href=\"https:\/\/bogotanflaneurtours.com\/es\/los-colores-del-graffiti-de-bogota\/\">aqu\u00ed:<\/a><\/strong><\/p>\n<p>&nbsp;<\/p>\n<p>&nbsp;<\/p>\n<p><strong>Servicios adicionales:<\/strong><\/p>\n<ul>\n<li><strong>60 USD<\/strong>: Transporte Privado Ida \/ Vuelta.\u00a0 <strong>Recogemos a nuestros clientes en cualquier hotel de Bogot\u00e1<\/strong><\/li>\n<\/ul>\n<p>&nbsp;<\/p>\n<p><strong>\u00bfTienes preguntas? \u00a1H\u00e1blemos por chat!<\/strong><\/p>\n<p>&nbsp;<\/p>\n<p>&nbsp;<\/p>\n<p><strong>Itinerario &#8211; Graffiti Bogot\u00e1 Tour:<\/strong><\/p>\n<p>&nbsp;<\/p>\n<ul>\n<li><strong>Punto de encuentro &#8211; Parque de Los Periodistas. Bogot\u00e1, La Candelaria:\u00a0<\/strong>Nuestro gu\u00eda estar\u00e1 esper\u00e1ndote junto a nuestra sombrilla. Te contar\u00e1 sobre nuestra historia y te presentar\u00e1 el programa de nuestro recorrido por Bogot\u00e1 y La Candelaria.<\/li>\n<\/ul>\n<p>&nbsp;<\/p>\n<ul>\n<li><strong>Parque \u2013 La Candelaria: \u00a1<\/strong>Veremos grandes y coloridos murales! \u00a1Te encantar\u00e1 el arte urbano de Bogot\u00e1 y La Candelaria!<\/li>\n<\/ul>\n<p>&nbsp;<\/p>\n<ul>\n<li><strong>Chorro de Quevedo &#8211; La Candelaria, Bogot\u00e1: <\/strong>Visitaremos uno de los barrios m\u00e1s antiguos de La Candelaria y Bogot\u00e1. All\u00ed vamos a probar nuestra bebida local. Tiene muchos, muchos a\u00f1os de antig\u00fcedad y es deliciosa.<\/li>\n<\/ul>\n<p>&nbsp;<\/p>\n<ul>\n<li><strong>La Concordia &#8211; La Candelaria, Bogot\u00e1: <\/strong>Pasearemos por un gran parque de colores. All\u00ed vamos a hacer nuestra propia obra de arte.<\/li>\n<\/ul>\n<p>&nbsp;<\/p>\n<ul>\n<li><strong>Distrito Grafiti \u2013 La Candelaria, Bogot\u00e1:<\/strong><strong>\u00a0<\/strong>Nuestro viaje por Bogot\u00e1 nos llevar\u00e1 a conocer el trabajo de artistas que pintan diferentes criaturas y coloridos paisajes. \u00a1Amar\u00e1s Bogot\u00e1 y La Candelaria!<\/li>\n<\/ul>\n<p>&nbsp;<\/p>\n<ul>\n<li><b>La Candelaria, Bogot\u00e1:\u00a0<\/b>Seguiremos caminando y conociendo las historias de Bogot\u00e1. \u00a1Son \u00fanicas!<\/li>\n<\/ul>\n<p>&nbsp;<\/p>\n<ul>\n<li><strong>Calle 26, Bogot\u00e1: <\/strong>Nuestra aventura terminar\u00e1 en uno de los lugares m\u00e1s importantes de Bogot\u00e1. Descubriremos muchas obras de arte. \u00a1Te esperamos!<\/li>\n<\/ul>\n<p>&nbsp;<\/p>\n<p><strong>Aqu\u00ed puedes reservar tu visita:<\/strong><\/p>\n","protected":false},"featured_media":1370,"comment_status":"open","ping_status":"closed","template":"","meta":[],"product_brand":[],"product_cat":[40],"product_tag":[],"class_list":{"0":"post-186","1":"product","2":"type-product","3":"status-publish","4":"has-post-thumbnail","6":"product_cat-arte_bogota","8":"first","9":"instock","10":"featured","11":"virtual","12":"taxable","13":"purchasable","14":"product-type-simple"},"_links":{"self":[{"href":"https:\/\/bogotanflaneurtours.com\/es\/wp-json\/wp\/v2\/product\/186","targetHints":{"allow":["GET"]}}],"collection":[{"href":"https:\/\/bogotanflaneurtours.com\/es\/wp-json\/wp\/v2\/product"}],"about":[{"href":"https:\/\/bogotanflaneurtours.com\/es\/wp-json\/wp\/v2\/types\/product"}],"replies":[{"embeddable":true,"href":"https:\/\/bogotanflaneurtours.com\/es\/wp-json\/wp\/v2\/comments?post=186"}],"wp:featuredmedia":[{"embeddable":true,"href":"https:\/\/bogotanflaneurtours.com\/es\/wp-json\/wp\/v2\/media\/1370"}],"wp:attachment":[{"href":"https:\/\/bogotanflaneurtours.com\/es\/wp-json\/wp\/v2\/media?parent=186"}],"wp:term":[{"taxonomy":"product_brand","embeddable":true,"href":"https:\/\/bogotanflaneurtours.com\/es\/wp-json\/wp\/v2\/product_brand?post=186"},{"taxonomy":"product_cat","embeddable":true,"href":"https:\/\/bogotanflaneurtours.com\/es\/wp-json\/wp\/v2\/product_cat?post=186"},{"taxonomy":"product_tag","embeddable":true,"href":"https:\/\/bogotanflaneurtours.com\/es\/wp-json\/wp\/v2\/product_tag?post=186"}],"curies":[{"name":"wp","href":"https:\/\/api.w.org\/{rel}","templated":true}]}}