{"id":190,"date":"2018-12-16T17:26:47","date_gmt":"2018-12-16T17:26:47","guid":{"rendered":"https:\/\/bogotanflaneurtours.com\/es\/?post_type=product&#038;p=190"},"modified":"2024-05-26T14:41:08","modified_gmt":"2024-05-26T14:41:08","slug":"photo-tour","status":"publish","type":"product","link":"https:\/\/bogotanflaneurtours.com\/es\/tours\/photo-tour\/","title":{"rendered":"Tour La Candelaria Nocturna"},"content":{"rendered":"\r\n<p><strong>Tour La Candelaria Nocturna<\/strong><\/p>\r\n<p>&nbsp;<\/p>\r\n<p>Descubre las historias y secretos de La Candelaria en un recorrido nocturno a trav\u00e9s de sus coloridas calles. \u00a1Te divertir\u00e1s! Exploraremos los paisajes y lugares hist\u00f3ricos de este tradicional lugar de Bogot\u00e1 en una experiencia \u00fanica.\u00a0<\/p>\r\n\r\n\r\n\r\n<p>&nbsp;<\/p>\r\n","protected":false},"excerpt":{"rendered":"<ul>\n<li>Acompa\u00f1amiento de gu\u00eda de turismo<\/li>\n<li>Registro Fotogr\u00e1fico<\/li>\n<li>Souvenier<\/li>\n<\/ul>\n<p>&nbsp;<\/p>\n<p>&nbsp;<\/p>\n<p><strong>Duraci\u00f3n:<\/strong> 3 h<\/p>\n<p><strong>Idioma:<\/strong> Espa\u00f1ol \u2013 Ingl\u00e9s\u00a0<\/p>\n<p><strong>Dificultad:<\/strong> Baja<\/p>\n<p><strong>Hora de Inicio:<\/strong> 6 p.m.<\/p>\n<p>&nbsp;<\/p>\n<p><strong>\u00bfAmas la fotograf\u00eda? En nuestro recorrido nos conectaremos con el paisaje urbano de Bogot\u00e1 a trav\u00e9s del lente<\/strong><\/p>\n<p>&nbsp;<\/p>\n<p>&nbsp;<\/p>\n<p><strong>Servicios adicionales<\/strong><\/p>\n<ul>\n<li><strong>60 USD<\/strong>: Transporte Privado Ida \/ Vuelta.\u00a0 Recogemos a nuestros visitantes en cualquier hotel de Bogot\u00e1<\/li>\n<\/ul>\n<p>&nbsp;<\/p>\n<p>&nbsp;<\/p>\n<p><b>\u00bfTienes preguntas? \u00a1Hablemos por Chat!<\/b><\/p>\n<p>&nbsp;<\/p>\n<p>&nbsp;<\/p>\n<p><strong>Itinierario: Tour Fotogr\u00e1fico &#8211; Bogot\u00e1, La Candelaria<\/strong> (si quieres hacer cambios, cu\u00e9ntanos):<\/p>\n<p>&nbsp;<\/p>\n<ul>\n<li><strong>Parroquia de Las Aguas: <\/strong>Nuestro gu\u00eda local estar\u00e1 esper\u00e1ndote en el punto de encuentro. Te contar\u00e1 sobre nuestra historia y te presentar\u00e1 la ruta de nuestro recorrido por Bogot\u00e1 y La Candelaria<\/li>\n<\/ul>\n<p>&nbsp;<\/p>\n<ul>\n<li><strong>Plazoleta del Rosario -Bogot\u00e1, La Candelaria:\u00a0<\/strong>\u00a1Empezaremos nuestro viaje fotogr\u00e1fico!<\/li>\n<\/ul>\n<p>&nbsp;<\/p>\n<ul>\n<li><strong>Parque de los Periodistas &#8211; Bogot\u00e1, La Candelaria:\u00a0<\/strong>Exploraremos la belleza de las calles de Bogot\u00e1 con nuestra c\u00e1mara<\/li>\n<\/ul>\n<p>&nbsp;<\/p>\n<ul>\n<li><strong>Chorro de Quevedo &#8211; Bogot\u00e1, La Candelaria: <\/strong>Visitaremos uno de los barrios m\u00e1s antiguos de Bogot\u00e1. All\u00ed conoceremos la belleza de nuestro pasado y presente.<\/li>\n<\/ul>\n<p>&nbsp;<\/p>\n<ul>\n<li><strong>Plaza de La Concordia &#8211; Bogot\u00e1, La Candelaria:\u00a0<\/strong>\u00a1Bogot\u00e1 est\u00e1 llena de colores y sabores! En nuestro recorrido, podremos explorar los mercados tradicionales de nuestra ciudad. \u00a1Conoceremos el lugar con nuestra c\u00e1mara!<\/li>\n<\/ul>\n<p>&nbsp;<\/p>\n<ul>\n<li><strong>Museo Bogot\u00e1 &#8211; La Candelaria: <\/strong>Visitaremos uno de los museos m\u00e1s importantes de nuestra ciudad. All\u00ed, conoceremos el trabajo de grandes artistas de nuestra ciudad<\/li>\n<\/ul>\n<p>&nbsp;<\/p>\n<ul>\n<li><strong>Plaza de Bol\u00edvar &#8211; Bogot\u00e1, La Candelaria:\u00a0<\/strong>Finalmente, caminaremos por uno de los lugares m\u00e1s importantes de Bogot\u00e1. Te contaremos sus historias y exploraremos el lugar con nuestra c\u00e1mara<\/li>\n<\/ul>\n<p>&nbsp;<\/p>\n<p><b>Te invitamos a reservar ahora:<\/b><\/p>\n","protected":false},"featured_media":3308,"comment_status":"open","ping_status":"closed","template":"","meta":[],"product_brand":[],"product_cat":[40,38],"product_tag":[],"class_list":{"0":"post-190","1":"product","2":"type-product","3":"status-publish","4":"has-post-thumbnail","6":"product_cat-arte_bogota","7":"product_cat-fotografia_bogota","9":"first","10":"instock","11":"featured","12":"virtual","13":"taxable","14":"purchasable","15":"product-type-simple"},"_links":{"self":[{"href":"https:\/\/bogotanflaneurtours.com\/es\/wp-json\/wp\/v2\/product\/190","targetHints":{"allow":["GET"]}}],"collection":[{"href":"https:\/\/bogotanflaneurtours.com\/es\/wp-json\/wp\/v2\/product"}],"about":[{"href":"https:\/\/bogotanflaneurtours.com\/es\/wp-json\/wp\/v2\/types\/product"}],"replies":[{"embeddable":true,"href":"https:\/\/bogotanflaneurtours.com\/es\/wp-json\/wp\/v2\/comments?post=190"}],"wp:featuredmedia":[{"embeddable":true,"href":"https:\/\/bogotanflaneurtours.com\/es\/wp-json\/wp\/v2\/media\/3308"}],"wp:attachment":[{"href":"https:\/\/bogotanflaneurtours.com\/es\/wp-json\/wp\/v2\/media?parent=190"}],"wp:term":[{"taxonomy":"product_brand","embeddable":true,"href":"https:\/\/bogotanflaneurtours.com\/es\/wp-json\/wp\/v2\/product_brand?post=190"},{"taxonomy":"product_cat","embeddable":true,"href":"https:\/\/bogotanflaneurtours.com\/es\/wp-json\/wp\/v2\/product_cat?post=190"},{"taxonomy":"product_tag","embeddable":true,"href":"https:\/\/bogotanflaneurtours.com\/es\/wp-json\/wp\/v2\/product_tag?post=190"}],"curies":[{"name":"wp","href":"https:\/\/api.w.org\/{rel}","templated":true}]}}