{"id":633,"date":"2019-04-30T04:34:13","date_gmt":"2019-04-30T04:34:13","guid":{"rendered":"https:\/\/bogotanflaneurtours.com\/es\/?post_type=product&#038;p=633"},"modified":"2024-04-13T01:22:27","modified_gmt":"2024-04-13T01:22:27","slug":"bogota_museos_tour","status":"publish","type":"product","link":"https:\/\/bogotanflaneurtours.com\/es\/tours\/bogota_museos_tour\/","title":{"rendered":"Tour Museos de Bogot\u00e1"},"content":{"rendered":"\r\n<p>Colombia tiene historias y personajes muy especiales. Desde los viejos habitantes que recorrieron su territorio en tiempos prehisp\u00e1nicos, hasta los retratos de los caminantes que andan en sus modernas ciudades, todos, est\u00e1n en los museos de Bogot\u00e1. All\u00ed se conservan objetos de un valor simb\u00f3lico inmenso. Obras de arte de todo tipo se pueden encontrar en los pasillos del Museo Nacional, Museo del Oro, Museo Bogot\u00e1, el Museo de Arte del banco de la Rep\u00fablica, el Museo Santa Clara y las calles del centro de la capital de Colombia. En nuestro recorrido encontrar\u00e1s una gran presentaci\u00f3n de la historia y arte de Colombia. \u00a1S\u00edguenos!<\/p>\r\n","protected":false},"excerpt":{"rendered":"<ul>\n<li>Gu\u00eda Local<\/li>\n<li>Tiquete &#8211; Museo del Oro<\/li>\n<li>Tiquete &#8211; Museo de Bogot\u00e1<\/li>\n<li>Tiquete &#8211; Museo Fernando Botero\u00a0<\/li>\n<li>Tiquete &#8211; Museo Santa Clara<\/li>\n<li>Souvenier<\/li>\n<\/ul>\n<p>&nbsp;<\/p>\n<p><strong>Duraci\u00f3n: <\/strong>4 h<\/p>\n<p><strong>Lenguaje: <\/strong>Espa\u00f1ol &#8211; Ingl\u00e9s<\/p>\n<p><strong>Dificultad:<\/strong> Baja<\/p>\n<p><strong>Hora de Inicio: <\/strong>11 am<\/p>\n<p>&nbsp;<\/p>\n<p>&nbsp;<\/p>\n<p><strong>Servicios adicionales:<\/strong><\/p>\n<p><strong>60 USD<\/strong>: Transporte Privado Ida \/ Vuelta.\u00a0 Recogemos a nuestros clientes en cualquier hotel de Bogot\u00e1<\/p>\n<p>&nbsp;<\/p>\n<p>&nbsp;<\/p>\n<p><strong>Recorre las calles de la vieja ciudad y encuentra en sus museos los testimonios de sus habitantes pasados, resguardados en pinturas, arquitectura y dem\u00e1s obras de arte<\/strong><\/p>\n<p>&nbsp;<\/p>\n<p>&nbsp;<\/p>\n<p><strong>\u00bfTienes preguntas? \u00a1H\u00e1blemos por chat!\u00a0<\/strong><\/p>\n<p>&nbsp;<\/p>\n<p>&nbsp;<\/p>\n<p><strong>Itinerario &#8211;\u00a0 Tour<\/strong> <strong>Museos de Bogot\u00e1:<\/strong><\/p>\n<p>&nbsp;<\/p>\n<ul>\n<li><strong>Punto de Encuentro &#8211; Parque Santander, Bogot\u00e1<\/strong>: <strong>\u00a0<\/strong>Nuestro gu\u00eda local estar\u00e1 esper\u00e1ndote en el punto de encuentro. Te contar\u00e1 sobre nuestra historia y te presentar\u00e1 el programa de nuestro recorrido por los museos de Bogot\u00e1<\/li>\n<\/ul>\n<p>&nbsp;<\/p>\n<ul>\n<li><strong>Museo del Oro &#8211; La Candelaria, Bogot\u00e1:<\/strong> Descubriremos la colecci\u00f3n de objetos prehisp\u00e1nicos en oro m\u00e1s importante del mundo. \u00a1Te sorprender\u00e1s de su belleza!<\/li>\n<\/ul>\n<p>&nbsp;<\/p>\n<ul>\n<li><strong>Museo Bogot\u00e1 &#8211; La Candelaria, Bogot\u00e1:<\/strong> Exploraremos el pasado de la ciudad en un bello museo que nos recuerda a los estilos viejos habitantes de Bogot\u00e1<\/li>\n<\/ul>\n<p>&nbsp;<\/p>\n<ul>\n<li><strong>Museo Fernando Botero &#8211; La Candelaria, Bogot\u00e1: <\/strong>Exploraremos la obra de Fernando Botero, uno de los artistas m\u00e1s importantes de Colombia. \u00a1Te encantar\u00e1 su trabajo!<\/li>\n<\/ul>\n<p>&nbsp;<\/p>\n<ul>\n<li><strong>Museo Santa Clara &#8211; La Candelaria, Bogot\u00e1: <\/strong>\u00a1Bogot\u00e1 tiene lugares m\u00e1gicos! Las luces cambiar\u00e1n y comenzaremos un viaje en el tiempo. Un antiguo convento nos contar\u00e1 historias de m\u00e1s de 300 a\u00f1os\u00a0<\/li>\n<\/ul>\n<p>&nbsp;<\/p>\n<p>&nbsp;<\/p>\n<p><strong>\u00bfTienes alguna pregunta? \u00a1D\u00e9janos un mensaje por Chat!<\/strong><\/p>\n<p>&nbsp;<\/p>\n<p>&nbsp;<\/p>\n<p><strong>Te invitamos a reservar tu Tour de Museos por Bogot\u00e1 aqu\u00ed:<\/strong><\/p>\n","protected":false},"featured_media":1366,"comment_status":"open","ping_status":"closed","template":"","meta":[],"product_brand":[],"product_cat":[40,37,49,48],"product_tag":[],"class_list":{"0":"post-633","1":"product","2":"type-product","3":"status-publish","4":"has-post-thumbnail","6":"product_cat-arte_bogota","7":"product_cat-tour_bogota","8":"product_cat-privado_tour","9":"product_cat-turismo-bogota","11":"first","12":"instock","13":"featured","14":"taxable","15":"shipping-taxable","16":"purchasable","17":"product-type-simple"},"_links":{"self":[{"href":"https:\/\/bogotanflaneurtours.com\/es\/wp-json\/wp\/v2\/product\/633","targetHints":{"allow":["GET"]}}],"collection":[{"href":"https:\/\/bogotanflaneurtours.com\/es\/wp-json\/wp\/v2\/product"}],"about":[{"href":"https:\/\/bogotanflaneurtours.com\/es\/wp-json\/wp\/v2\/types\/product"}],"replies":[{"embeddable":true,"href":"https:\/\/bogotanflaneurtours.com\/es\/wp-json\/wp\/v2\/comments?post=633"}],"wp:featuredmedia":[{"embeddable":true,"href":"https:\/\/bogotanflaneurtours.com\/es\/wp-json\/wp\/v2\/media\/1366"}],"wp:attachment":[{"href":"https:\/\/bogotanflaneurtours.com\/es\/wp-json\/wp\/v2\/media?parent=633"}],"wp:term":[{"taxonomy":"product_brand","embeddable":true,"href":"https:\/\/bogotanflaneurtours.com\/es\/wp-json\/wp\/v2\/product_brand?post=633"},{"taxonomy":"product_cat","embeddable":true,"href":"https:\/\/bogotanflaneurtours.com\/es\/wp-json\/wp\/v2\/product_cat?post=633"},{"taxonomy":"product_tag","embeddable":true,"href":"https:\/\/bogotanflaneurtours.com\/es\/wp-json\/wp\/v2\/product_tag?post=633"}],"curies":[{"name":"wp","href":"https:\/\/api.w.org\/{rel}","templated":true}]}}