{"id":641,"date":"2019-05-06T14:04:00","date_gmt":"2019-05-06T14:04:00","guid":{"rendered":"https:\/\/bogotanflaneurtours.com\/es\/?post_type=product&#038;p=641"},"modified":"2023-02-17T05:17:03","modified_gmt":"2023-02-17T05:17:03","slug":"zipaquira_tour","status":"publish","type":"product","link":"https:\/\/bogotanflaneurtours.com\/es\/tours\/zipaquira_tour\/","title":{"rendered":"Tour a Catedral de Sal de Zipaquir\u00e1 desde Bogot\u00e1"},"content":{"rendered":"","protected":false},"excerpt":{"rendered":"<ul>\n<li>Gu\u00eda Local<\/li>\n<li>Entrada a la Catedral de sal de Zipaquir\u00e1<\/li>\n<li>Almuerzo T\u00edpico<\/li>\n<li>Souvenier<\/li>\n<li>Transporte Pr\u00edvado \/ Recogemos a nuestros visitantes en cualquier hotel de Bogot\u00e1<\/li>\n<li>Souvenier<\/li>\n<\/ul>\n<p>&nbsp;<\/p>\n<p><strong>Duraci\u00f3n:<\/strong> 8 horas<\/p>\n<p><strong>Idioma:<\/strong> Ingl\u00e9s &#8211; Espa\u00f1ol<\/p>\n<p><strong>Dificultad:<\/strong> Baja<\/p>\n<p>&nbsp;<\/p>\n<p>&nbsp;<\/p>\n<p><strong>\u00a1Explora con nosotros Zipaquira, uno de los pueblos m\u00e1s bellos de Colombia! Conoceremos su pasado colonial y las expresiones art\u00edsticas de sus habitantes. Tendremos la oportunidad de conocer la ancestral Catedral de Sal de Zipaquir\u00e1 y conectarnos con sus significados<\/strong><\/p>\n<p>&nbsp;<\/p>\n<p>&nbsp;<\/p>\n<p><strong>Itinerario &#8211; Tour a la Catedral de Sal de Zipaquir\u00e1<\/strong>:<\/p>\n<p>&nbsp;<\/p>\n<ul>\n<li><strong>Servicio de Transporte:<\/strong> Te recogeremos en tu lugar de hospedaje y empezaremos nuestro viaje<\/li>\n<\/ul>\n<p>&nbsp;<\/p>\n<ul>\n<li><strong>Sabana de Bogot\u00e1: <\/strong>En nuestro camino descubriremos la belleza de los paisajes de los campos colombianos<\/li>\n<\/ul>\n<p>&nbsp;<\/p>\n<ul>\n<li><strong>Estaci\u00f3n del tren de la Sabana:<\/strong> Descubriremos el pasado de Zipaquir\u00e1, uno de los lugares m\u00e1s bellos de Colombia<\/li>\n<\/ul>\n<p>&nbsp;<\/p>\n<ul>\n<li><strong>Parque Municipal de Zipaquir\u00e1: <\/strong>Visitaremos los caminos tradicionales de Zipaquir\u00e1 y descubriremos la vida cotidiana de sus habitantes<\/li>\n<\/ul>\n<p>&nbsp;<\/p>\n<ul>\n<li><strong>Plaza de la independencia:\u00a0<\/strong>Conoceremos la riqueza hist\u00f3rica de Zipaquir\u00e1 \u00a1Te sorprender\u00e1!<\/li>\n<\/ul>\n<p>&nbsp;<\/p>\n<ul>\n<li><strong>Plaza de los Comuneros: <\/strong>Conoceremos la historia de los Comuneros, un grupo de valientes que exploraron los caminos de Zipaquir\u00e1 hace m\u00e1s de 300 a\u00f1os<\/li>\n<\/ul>\n<p>&nbsp;<\/p>\n<ul>\n<li><strong>Iglesia de La Concepci\u00f3n de Zipaquir\u00e1<\/strong><strong>:\u00a0<\/strong>Descubriremos los estilos arquitect\u00f3nicos cl\u00e1sicos de Zipaquir\u00e1<\/li>\n<\/ul>\n<p>&nbsp;<\/p>\n<ul>\n<li><strong>Catedral de sal de Zipaquir\u00e1: <\/strong>Nos conectaremos con la Catedral de Sal de Zipaquir\u00e1, una de las maravillas de Colombia<\/li>\n<\/ul>\n<p>&nbsp;<\/p>\n<ul>\n<li><strong>Regreso a Bogot\u00e1 \/ Servicio de Transporte:<\/strong> Te llevaremos a tu lugar de hospedaje para que puedas descansar tranquilamente<\/li>\n<\/ul>\n<p>&nbsp;<\/p>\n<p><b>\u00bfTienes preguntas? \u00a1Hablemos por el Chat!\u00a0<\/b><\/p>\n<p>&nbsp;<\/p>\n<p>&nbsp;<\/p>\n<p><strong>Te invitamos a reservar aqu\u00ed:\u00a0<\/strong><\/p>\n","protected":false},"featured_media":1401,"comment_status":"open","ping_status":"closed","template":"","meta":[],"product_brand":[],"product_cat":[46,49],"product_tag":[],"class_list":{"0":"post-641","1":"product","2":"type-product","3":"status-publish","4":"has-post-thumbnail","6":"product_cat-tour_ecologico","7":"product_cat-privado_tour","9":"first","10":"instock","11":"featured","12":"virtual","13":"taxable","14":"purchasable","15":"product-type-simple"},"_links":{"self":[{"href":"https:\/\/bogotanflaneurtours.com\/es\/wp-json\/wp\/v2\/product\/641","targetHints":{"allow":["GET"]}}],"collection":[{"href":"https:\/\/bogotanflaneurtours.com\/es\/wp-json\/wp\/v2\/product"}],"about":[{"href":"https:\/\/bogotanflaneurtours.com\/es\/wp-json\/wp\/v2\/types\/product"}],"replies":[{"embeddable":true,"href":"https:\/\/bogotanflaneurtours.com\/es\/wp-json\/wp\/v2\/comments?post=641"}],"wp:featuredmedia":[{"embeddable":true,"href":"https:\/\/bogotanflaneurtours.com\/es\/wp-json\/wp\/v2\/media\/1401"}],"wp:attachment":[{"href":"https:\/\/bogotanflaneurtours.com\/es\/wp-json\/wp\/v2\/media?parent=641"}],"wp:term":[{"taxonomy":"product_brand","embeddable":true,"href":"https:\/\/bogotanflaneurtours.com\/es\/wp-json\/wp\/v2\/product_brand?post=641"},{"taxonomy":"product_cat","embeddable":true,"href":"https:\/\/bogotanflaneurtours.com\/es\/wp-json\/wp\/v2\/product_cat?post=641"},{"taxonomy":"product_tag","embeddable":true,"href":"https:\/\/bogotanflaneurtours.com\/es\/wp-json\/wp\/v2\/product_tag?post=641"}],"curies":[{"name":"wp","href":"https:\/\/api.w.org\/{rel}","templated":true}]}}